{"id":357,"date":"2015-10-14T11:09:03","date_gmt":"2015-10-14T09:09:03","guid":{"rendered":"http:\/\/rencontresludiquesdebretagne.org\/WordPress3\/?page_id=357"},"modified":"2023-01-18T17:12:09","modified_gmt":"2023-01-18T16:12:09","slug":"se-rendre-aux-rlb","status":"publish","type":"page","link":"http:\/\/rencontresludiquesdebretagne.org\/WordPress3\/se-rendre-aux-rlb\/","title":{"rendered":"Se rendre \u00e0 l&rsquo;ENSTA Bretagne"},"content":{"rendered":"<div class=\"wp-block-image\">\n<figure class=\"alignleft size-full is-resized\"><a href=\"http:\/\/rencontresludiquesdebretagne.org\/WordPress3\/wp-content\/uploads\/2021\/11\/LogoENSTAB.png\"><img decoding=\"async\" loading=\"lazy\" src=\"http:\/\/rencontresludiquesdebretagne.org\/WordPress3\/wp-content\/uploads\/2021\/11\/LogoENSTAB.png\" alt=\"\" class=\"wp-image-651\" width=\"111\" height=\"144\" srcset=\"http:\/\/rencontresludiquesdebretagne.org\/WordPress3\/wp-content\/uploads\/2021\/11\/LogoENSTAB.png 391w, http:\/\/rencontresludiquesdebretagne.org\/WordPress3\/wp-content\/uploads\/2021\/11\/LogoENSTAB-230x300.png 230w\" sizes=\"(max-width: 111px) 100vw, 111px\" \/><\/a><\/figure><\/div>\n\n<p style=\"text-align: justify;\">Les RLB d&rsquo;hiver 2023 se d\u00e9roulent sur le campus l&rsquo;ENSTA Bretagne, situ\u00e9e \u00e0 Brest dans la zone de Kergaredec \u2013 Mesmerrien. Il suffit de se pr\u00e9senter \u00e0 l&rsquo;entr\u00e9e principale, situ\u00e9e 2 rue Fran\u00e7ois Verny \u00e0 Brest (arriver avant 23h, pi\u00e8ce d&rsquo;identit\u00e9 n\u00e9cessaire).<\/p>\n<p><a href=\"geo:48.419,-4.4715\">Coordonn\u00e9es WGS-84: 48\u00b0 25\u2019 8\u201d Nord 4\u00b0 28\u2019 17\u201d Ouest<\/a>, \u00e0 rentrer dans votre syst\u00e8me de navigation.<\/p>\n<p><iframe loading=\"lazy\" style=\"border: 1px solid black;\" src=\"http:\/\/www.openstreetmap.org\/export\/embed.html?bbox=-4.4765%2C48.417%2C-4.4665%2C48.421&amp;layer=mapnik&amp;marker=48.419%2C-4.4715\" width=\"100%\" height=\"350\" frameborder=\"0\" marginwidth=\"0\" marginheight=\"0\" scrolling=\"no\"><\/iframe><br \/><small><a href=\"http:\/\/www.openstreetmap.org\/?mlat=48.419&amp;mlon=-4.4715#map=18\/48.419\/-4.4715\">Afficher une carte plus grande<\/a><\/small><\/p>\n<h3><strong>Venir en tram<\/strong><\/h3>\n<p style=\"text-align: justify;\">Le campus est desservi par la ligne A via les arr\u00eats <strong>Mesmerrien<\/strong> (1 tram sur deux) et <strong>Pontan\u00e9zen<\/strong> (tous les trams). Depuis l&rsquo;arr\u00eat Pontan\u00e9zen, il faut suivre le petit chemin entre la station Total et le KFC. Pour plus d&rsquo;information et les horaires se rendre sur le site de <a title=\"Bibus\" href=\"http:\/\/www.bibus.fr\">Bibus<\/a>.<\/p>\n<h3><strong>Venir en voiture<\/strong><\/h3>\n<p style=\"text-align: justify;\">Si vous arrivez \u00e0 Brest via la N12, prenez la sortie Kergaradeg et longer les voies du tram sur environ 1km. L&rsquo;ENSTA sera situ\u00e9 sur votre droite juste avant le McDonald&rsquo;s.<\/p>\n<p style=\"text-align: justify;\">Si vous arrivez \u00e0 Brest via la N165, au rond-point de Querlarnou (\u00e0 c\u00f4t\u00e9 de IKEA), continuez tout droit et suivez les voies du tram. A l&rsquo;intersection des voies de tram, prenez \u00e0 droite. Au McDonald&rsquo;s, prenez deux fois \u00e0 gauche.<\/p>\n<p style=\"text-align: justify;\">Un parking est situ\u00e9 devant le campus<\/p>\n<h3><strong>Venir en train<\/strong><\/h3>\n<p style=\"text-align: justify;\">Une fois arriv\u00e9 \u00e0 la gare, il faudra rejoindre l&rsquo;arr\u00eat de tram <strong>Libert\u00e9<\/strong> situ\u00e9 place de la Libert\u00e9, soit \u00e0 pied (moins de 5 minutes malgr\u00e9 le d\u00e9nivel\u00e9) soit en bus via les lignes 1 (direction <strong>H\u00f4pital Cavale<\/strong>) et 2 (direction <strong>Lamb\u00e9zellec<\/strong>). Les arr\u00eats de bus sont tout de suite \u00e0 droite en sortant de la gare.<\/p>\n<h3><strong>Venir en avion<\/strong><\/h3>\n<p style=\"text-align: justify;\">Prendre la ligne 20 jusqu&rsquo;\u00e0 l&rsquo;arr\u00eat <strong>Porte de Gouesnou<\/strong> puis le tram jusqu&rsquo;\u00e0 <strong>Mesmerrien<\/strong>. Pour les liaisons se renseigner sur le site de l&rsquo;a\u00e9roport <a title=\"A\u00e9roport Brest Bretagne\" href=\"http:\/\/www.brest.aeroport.fr\/\">Brest Bretagne<\/a>.\u00a0<\/p>","protected":false},"excerpt":{"rendered":"<p>Les RLB d&rsquo;hiver 2023 se d\u00e9roulent sur le campus l&rsquo;ENSTA Bretagne, situ\u00e9e \u00e0 Brest dans la zone de Kergaredec \u2013 Mesmerrien. Il suffit de se pr\u00e9senter \u00e0 l&rsquo;entr\u00e9e principale, situ\u00e9e 2 rue Fran\u00e7ois Verny \u00e0 Brest (arriver avant 23h, pi\u00e8ce d&rsquo;identit\u00e9 n\u00e9cessaire). Coordonn\u00e9es WGS-84: 48\u00b0 25\u2019 8\u201d Nord 4\u00b0 28\u2019 17\u201d Ouest, \u00e0 rentrer dans &hellip; <a href=\"http:\/\/rencontresludiquesdebretagne.org\/WordPress3\/se-rendre-aux-rlb\/\" class=\"more-link\">Continuer la lecture de <span class=\"screen-reader-text\">Se rendre \u00e0 l&rsquo;ENSTA Bretagne<\/span>  <span class=\"meta-nav\">&rarr;<\/span><\/a><\/p>\n","protected":false},"author":1,"featured_media":0,"parent":0,"menu_order":0,"comment_status":"open","ping_status":"open","template":"","meta":[],"_links":{"self":[{"href":"http:\/\/rencontresludiquesdebretagne.org\/WordPress3\/wp-json\/wp\/v2\/pages\/357"}],"collection":[{"href":"http:\/\/rencontresludiquesdebretagne.org\/WordPress3\/wp-json\/wp\/v2\/pages"}],"about":[{"href":"http:\/\/rencontresludiquesdebretagne.org\/WordPress3\/wp-json\/wp\/v2\/types\/page"}],"author":[{"embeddable":true,"href":"http:\/\/rencontresludiquesdebretagne.org\/WordPress3\/wp-json\/wp\/v2\/users\/1"}],"replies":[{"embeddable":true,"href":"http:\/\/rencontresludiquesdebretagne.org\/WordPress3\/wp-json\/wp\/v2\/comments?post=357"}],"version-history":[{"count":20,"href":"http:\/\/rencontresludiquesdebretagne.org\/WordPress3\/wp-json\/wp\/v2\/pages\/357\/revisions"}],"predecessor-version":[{"id":768,"href":"http:\/\/rencontresludiquesdebretagne.org\/WordPress3\/wp-json\/wp\/v2\/pages\/357\/revisions\/768"}],"wp:attachment":[{"href":"http:\/\/rencontresludiquesdebretagne.org\/WordPress3\/wp-json\/wp\/v2\/media?parent=357"}],"curies":[{"name":"wp","href":"https:\/\/api.w.org\/{rel}","templated":true}]}}