{"id":862,"date":"2024-10-18T17:44:05","date_gmt":"2024-10-18T15:44:05","guid":{"rendered":"http:\/\/rencontresludiquesdebretagne.org\/WordPress3\/?page_id=862"},"modified":"2024-10-20T19:45:07","modified_gmt":"2024-10-20T17:45:07","slug":"jeux-de-figurines","status":"publish","type":"page","link":"http:\/\/rencontresludiquesdebretagne.org\/WordPress3\/jeux-de-figurines\/","title":{"rendered":"JEUX DE FIGURINES"},"content":{"rendered":"\n<p>Pendant les RLB, une initiation \u00e0 la peinture de figurines sera propos\u00e9e.<br>Vous pouvez rapporter vos arm\u00e9es Warhammer, des tables seront \u00e0 votre disposition pour jouer. <br><\/p>\n","protected":false},"excerpt":{"rendered":"<p>Pendant les RLB, une initiation \u00e0 la peinture de figurines sera propos\u00e9e.Vous pouvez rapporter vos arm\u00e9es Warhammer, des tables seront \u00e0 votre disposition pour jouer.<\/p>\n","protected":false},"author":15,"featured_media":0,"parent":0,"menu_order":0,"comment_status":"closed","ping_status":"closed","template":"","meta":[],"_links":{"self":[{"href":"http:\/\/rencontresludiquesdebretagne.org\/WordPress3\/wp-json\/wp\/v2\/pages\/862"}],"collection":[{"href":"http:\/\/rencontresludiquesdebretagne.org\/WordPress3\/wp-json\/wp\/v2\/pages"}],"about":[{"href":"http:\/\/rencontresludiquesdebretagne.org\/WordPress3\/wp-json\/wp\/v2\/types\/page"}],"author":[{"embeddable":true,"href":"http:\/\/rencontresludiquesdebretagne.org\/WordPress3\/wp-json\/wp\/v2\/users\/15"}],"replies":[{"embeddable":true,"href":"http:\/\/rencontresludiquesdebretagne.org\/WordPress3\/wp-json\/wp\/v2\/comments?post=862"}],"version-history":[{"count":2,"href":"http:\/\/rencontresludiquesdebretagne.org\/WordPress3\/wp-json\/wp\/v2\/pages\/862\/revisions"}],"predecessor-version":[{"id":885,"href":"http:\/\/rencontresludiquesdebretagne.org\/WordPress3\/wp-json\/wp\/v2\/pages\/862\/revisions\/885"}],"wp:attachment":[{"href":"http:\/\/rencontresludiquesdebretagne.org\/WordPress3\/wp-json\/wp\/v2\/media?parent=862"}],"curies":[{"name":"wp","href":"https:\/\/api.w.org\/{rel}","templated":true}]}}