{"id":893,"date":"2024-11-08T14:04:04","date_gmt":"2024-11-08T13:04:04","guid":{"rendered":"http:\/\/rencontresludiquesdebretagne.org\/WordPress3\/?page_id=893"},"modified":"2025-10-27T00:41:02","modified_gmt":"2025-10-26T23:41:02","slug":"jeux-videos","status":"publish","type":"page","link":"http:\/\/rencontresludiquesdebretagne.org\/WordPress3\/jeux-videos\/","title":{"rendered":"JEUX VID\u00c9OS"},"content":{"rendered":"\n<p>Pendant les RLB deux Nintendo Switch seront mises \u00e0 disposition avec de nombreux jeux dessus.<\/p>\n\n\n\n<p>Par ailleurs, deux tournois auront lieu (vous pouvez amener vos manettes pour Switch si vous le souhaitez).<br>Pour participer aux tournois pr\u00e9sentez-vous aupr\u00e8s d&rsquo;un organisateur (badge autour du cou) avant le d\u00e9but des \u00e9preuves.<\/p>\n\n\n\n<p>Vendredi 20h-22h : Tournoi de Mario Kart 8<\/p>\n\n\n\n<p>Samedi 20h-22h : Tournoi de Super Smash-Bros<\/p>\n","protected":false},"excerpt":{"rendered":"<p>Pendant les RLB deux Nintendo Switch seront mises \u00e0 disposition avec de nombreux jeux dessus. Par ailleurs, deux tournois auront lieu (vous pouvez amener vos manettes pour Switch si vous le souhaitez).Pour participer aux tournois pr\u00e9sentez-vous aupr\u00e8s d&rsquo;un organisateur (badge autour du cou) avant le d\u00e9but des \u00e9preuves. Vendredi 20h-22h : Tournoi de Mario Kart &hellip; <a href=\"http:\/\/rencontresludiquesdebretagne.org\/WordPress3\/jeux-videos\/\" class=\"more-link\">Continuer la lecture de <span class=\"screen-reader-text\">JEUX VID\u00c9OS<\/span>  <span class=\"meta-nav\">&rarr;<\/span><\/a><\/p>\n","protected":false},"author":15,"featured_media":0,"parent":0,"menu_order":0,"comment_status":"closed","ping_status":"closed","template":"","meta":[],"_links":{"self":[{"href":"http:\/\/rencontresludiquesdebretagne.org\/WordPress3\/wp-json\/wp\/v2\/pages\/893"}],"collection":[{"href":"http:\/\/rencontresludiquesdebretagne.org\/WordPress3\/wp-json\/wp\/v2\/pages"}],"about":[{"href":"http:\/\/rencontresludiquesdebretagne.org\/WordPress3\/wp-json\/wp\/v2\/types\/page"}],"author":[{"embeddable":true,"href":"http:\/\/rencontresludiquesdebretagne.org\/WordPress3\/wp-json\/wp\/v2\/users\/15"}],"replies":[{"embeddable":true,"href":"http:\/\/rencontresludiquesdebretagne.org\/WordPress3\/wp-json\/wp\/v2\/comments?post=893"}],"version-history":[{"count":3,"href":"http:\/\/rencontresludiquesdebretagne.org\/WordPress3\/wp-json\/wp\/v2\/pages\/893\/revisions"}],"predecessor-version":[{"id":960,"href":"http:\/\/rencontresludiquesdebretagne.org\/WordPress3\/wp-json\/wp\/v2\/pages\/893\/revisions\/960"}],"wp:attachment":[{"href":"http:\/\/rencontresludiquesdebretagne.org\/WordPress3\/wp-json\/wp\/v2\/media?parent=893"}],"curies":[{"name":"wp","href":"https:\/\/api.w.org\/{rel}","templated":true}]}}